{"id":22,"date":"2024-06-06T18:04:56","date_gmt":"2024-06-06T18:04:56","guid":{"rendered":"https:\/\/stgclear.wpenginepowered.com\/?page_id=22"},"modified":"2025-04-23T14:41:51","modified_gmt":"2025-04-23T14:41:51","slug":"hcp","status":"publish","type":"page","link":"https:\/\/clear-clinicalstudy.com\/es-us\/hcp\/","title":{"rendered":"Para profesionales de la salud"},"content":{"rendered":"<div data-elementor-type=\"wp-page\" data-elementor-id=\"22\" class=\"elementor elementor-22\" data-elementor-post-type=\"page\">\n\t\t\t\t<div class=\"elementor-element elementor-element-8afc29f hcpHeaderBackground e-flex e-con-boxed e-con e-parent\" data-id=\"8afc29f\" data-element_type=\"container\" data-e-type=\"container\" data-settings=\"{&quot;background_background&quot;:&quot;classic&quot;}\">\n\t\t\t\t\t<div class=\"e-con-inner\">\n\t\t<div class=\"elementor-element elementor-element-1c1aceb e-flex e-con-boxed e-con e-child\" data-id=\"1c1aceb\" data-element_type=\"container\" data-e-type=\"container\">\n\t\t\t\t\t<div class=\"e-con-inner\">\n\t\t\t\t<div class=\"elementor-element elementor-element-f9db144 elementor-widget elementor-widget-heading\" data-id=\"f9db144\" data-element_type=\"widget\" data-e-type=\"widget\" data-widget_type=\"heading.default\">\n\t\t\t\t<div class=\"elementor-widget-container\">\n\t\t\t\t\t<h2 class=\"elementor-heading-title elementor-size-default\">\u00bfCuida pacientes con CSCC en etapa temprana?<\/h2>\t\t\t\t<\/div>\n\t\t\t\t<\/div>\n\t\t\t\t<div class=\"elementor-element elementor-element-7dbb413 elementor-widget elementor-widget-heading\" data-id=\"7dbb413\" data-element_type=\"widget\" data-e-type=\"widget\" data-widget_type=\"heading.default\">\n\t\t\t\t<div class=\"elementor-widget-container\">\n\t\t\t\t\t<h3 class=\"elementor-heading-title elementor-size-default\">Hable con sus pacientes sobre CLEAR<\/h3>\t\t\t\t<\/div>\n\t\t\t\t<\/div>\n\t\t\t\t<div class=\"elementor-element elementor-element-6edad58 elementor-mobile-align-center button-one elementor-widget elementor-widget-button\" data-id=\"6edad58\" data-element_type=\"widget\" data-e-type=\"widget\" data-widget_type=\"button.default\">\n\t\t\t\t<div class=\"elementor-widget-container\">\n\t\t\t\t\t\t\t\t\t<div class=\"elementor-button-wrapper\">\n\t\t\t\t\t<a class=\"elementor-button elementor-button-link elementor-size-sm\" href=\"https:\/\/clinicaltrials.gov\/study\/NCT06585410?term=R2810-ONC-2251&#038;rank=1\" target=\"_blank\" rel=\"noopener\">\n\t\t\t\t\t\t<span class=\"elementor-button-content-wrapper\">\n\t\t\t\t\t\t\t\t\t<span class=\"elementor-button-text\">Clinicaltrials.gov<\/span>\n\t\t\t\t\t<\/span>\n\t\t\t\t\t<\/a>\n\t\t\t\t<\/div>\n\t\t\t\t\t\t\t\t<\/div>\n\t\t\t\t<\/div>\n\t\t\t\t<div class=\"elementor-element elementor-element-09cc1f6 button-two elementor-hidden-widescreen elementor-hidden-desktop elementor-hidden-laptop elementor-hidden-tablet_extra elementor-hidden-tablet elementor-hidden-mobile_extra elementor-hidden-mobile elementor-widget elementor-widget-button\" data-id=\"09cc1f6\" data-element_type=\"widget\" data-e-type=\"widget\" data-widget_type=\"button.default\">\n\t\t\t\t<div class=\"elementor-widget-container\">\n\t\t\t\t\t\t\t\t\t<div class=\"elementor-button-wrapper\">\n\t\t\t\t\t<a class=\"elementor-button elementor-button-link elementor-size-sm\" href=\"#\">\n\t\t\t\t\t\t<span class=\"elementor-button-content-wrapper\">\n\t\t\t\t\t\t\t\t\t<span class=\"elementor-button-text\">Clinicaltrialsregister.eu<\/span>\n\t\t\t\t\t<\/span>\n\t\t\t\t\t<\/a>\n\t\t\t\t<\/div>\n\t\t\t\t\t\t\t\t<\/div>\n\t\t\t\t<\/div>\n\t\t\t\t\t<\/div>\n\t\t\t\t<\/div>\n\t\t<div class=\"elementor-element elementor-element-26eb911 e-flex e-con-boxed e-con e-child\" data-id=\"26eb911\" data-element_type=\"container\" data-e-type=\"container\">\n\t\t\t\t\t<div class=\"e-con-inner\">\n\t\t\t\t\t<\/div>\n\t\t\t\t<\/div>\n\t\t\t\t\t<\/div>\n\t\t\t\t<\/div>\n\t\t<div class=\"elementor-element elementor-element-3e8c3e4 e-flex e-con-boxed e-con e-parent\" data-id=\"3e8c3e4\" data-element_type=\"container\" data-e-type=\"container\">\n\t\t\t\t\t<div class=\"e-con-inner\">\n\t\t<div class=\"elementor-element elementor-element-3458326 e-con-full e-flex e-con e-child\" data-id=\"3458326\" data-element_type=\"container\" data-e-type=\"container\">\n\t\t\t\t<div class=\"elementor-element elementor-element-9c046b0 elementor-widget elementor-widget-image\" data-id=\"9c046b0\" data-element_type=\"widget\" data-e-type=\"widget\" data-widget_type=\"image.default\">\n\t\t\t\t<div class=\"elementor-widget-container\">\n\t\t\t\t\t\t\t\t\t\t\t\t\t\t\t<img fetchpriority=\"high\" decoding=\"async\" width=\"364\" height=\"418\" src=\"https:\/\/clear-clinicalstudy.com\/wp-content\/uploads\/2025\/02\/HCPFirstImg.png\" class=\"attachment-full size-full wp-image-199\" alt=\"Torn paper notes\" srcset=\"https:\/\/clear-clinicalstudy.com\/wp-content\/uploads\/2025\/02\/HCPFirstImg.png 364w, https:\/\/clear-clinicalstudy.com\/wp-content\/uploads\/2025\/02\/HCPFirstImg-261x300.png 261w, https:\/\/clear-clinicalstudy.com\/wp-content\/uploads\/2025\/02\/HCPFirstImg-10x12.png 10w\" sizes=\"(max-width: 364px) 100vw, 364px\" \/>\t\t\t\t\t\t\t\t\t\t\t\t\t\t\t<\/div>\n\t\t\t\t<\/div>\n\t\t\t\t<\/div>\n\t\t<div class=\"elementor-element elementor-element-07d7d1f e-flex e-con-boxed e-con e-child\" data-id=\"07d7d1f\" data-element_type=\"container\" data-e-type=\"container\">\n\t\t\t\t\t<div class=\"e-con-inner\">\n\t\t\t\t<div class=\"elementor-element elementor-element-2406c67 elementor-widget elementor-widget-text-editor\" data-id=\"2406c67\" data-element_type=\"widget\" data-e-type=\"widget\" data-widget_type=\"text-editor.default\">\n\t\t\t\t<div class=\"elementor-widget-container\">\n\t\t\t\t\t\t\t\t\tCon opciones de tratamiento limitadas y la creciente necesidad de manejo no quir\u00fargico del c\u00e1ncer cut\u00e1neo de c\u00e9lulas escamosas (CSCC) en etapa temprana, el estudio cl\u00ednico CLEAR est\u00e1 actualmente en curso para investigar posibles tratamientos no quir\u00fargicos. Considere el estudio CLEAR como una oportunidad para sus pacientes con CSCC en etapa temprana de acceder a tratamientos experimentales. \t\t\t\t\t\t\t\t<\/div>\n\t\t\t\t<\/div>\n\t\t\t\t<div class=\"elementor-element elementor-element-1939f17 elementor-widget elementor-widget-text-editor\" data-id=\"1939f17\" data-element_type=\"widget\" data-e-type=\"widget\" data-widget_type=\"text-editor.default\">\n\t\t\t\t<div class=\"elementor-widget-container\">\n\t\t\t\t\t\t\t\t\t<p>CLEAR es un estudio cl\u00ednico de fase\u202f3 para adultos con CSCC en etapa 1 (cabeza y cuello, mano y \u00e1reas pretibiales). Este estudio est\u00e1 evaluando la eficacia y seguridad de un inhibidor de PD1 administrado intralesionalmente en comparaci\u00f3n con un tratamiento est\u00e1ndar (cirug\u00eda primaria) en pacientes con CSCC en etapa temprana.<\/p>\t\t\t\t\t\t\t\t<\/div>\n\t\t\t\t<\/div>\n\t\t\t\t<div class=\"elementor-element elementor-element-baa16f4 button-three elementor-widget elementor-widget-button\" data-id=\"baa16f4\" data-element_type=\"widget\" data-e-type=\"widget\" data-widget_type=\"button.default\">\n\t\t\t\t<div class=\"elementor-widget-container\">\n\t\t\t\t\t\t\t\t\t<div class=\"elementor-button-wrapper\">\n\t\t\t\t\t<a class=\"elementor-button elementor-button-link elementor-size-sm\" href=\"\/es-us\/about-clear\/\">\n\t\t\t\t\t\t<span class=\"elementor-button-content-wrapper\">\n\t\t\t\t\t\t\t\t\t<span class=\"elementor-button-text\">Acerca de CLEAR<\/span>\n\t\t\t\t\t<\/span>\n\t\t\t\t\t<\/a>\n\t\t\t\t<\/div>\n\t\t\t\t\t\t\t\t<\/div>\n\t\t\t\t<\/div>\n\t\t\t\t\t<\/div>\n\t\t\t\t<\/div>\n\t\t\t\t\t<\/div>\n\t\t\t\t<\/div>\n\t\t<div class=\"elementor-element elementor-element-2cfe83d e-flex e-con-boxed e-con e-parent\" data-id=\"2cfe83d\" data-element_type=\"container\" data-e-type=\"container\">\n\t\t\t\t\t<div class=\"e-con-inner\">\n\t\t<div class=\"elementor-element elementor-element-e21433a e-flex e-con-boxed e-con e-child\" data-id=\"e21433a\" data-element_type=\"container\" data-e-type=\"container\">\n\t\t\t\t\t<div class=\"e-con-inner\">\n\t\t\t\t<div class=\"elementor-element elementor-element-71d4e74 elementor-widget elementor-widget-heading\" data-id=\"71d4e74\" data-element_type=\"widget\" data-e-type=\"widget\" data-widget_type=\"heading.default\">\n\t\t\t\t<div class=\"elementor-widget-container\">\n\t\t\t\t\t<h2 class=\"elementor-heading-title elementor-size-default\">\u00bfC\u00f3mo puede ayudar?<\/h2>\t\t\t\t<\/div>\n\t\t\t\t<\/div>\n\t\t\t\t<div class=\"elementor-element elementor-element-b010578 elementor-widget elementor-widget-text-editor\" data-id=\"b010578\" data-element_type=\"widget\" data-e-type=\"widget\" data-widget_type=\"text-editor.default\">\n\t\t\t\t<div class=\"elementor-widget-container\">\n\t\t\t\t\t\t\t\t\tCLEAR est\u00e1 inscribiendo a aproximadamente 369\u202fpersonas con CSCC en etapa temprana en todo el mundo. El \u00e9xito de CLEAR depende de que los m\u00e9dicos deriven posibles participantes al estudio. Sus pacientes pueden ser elegibles si cumplen con las siguientes condiciones:\t\t\t\t\t\t\t\t<\/div>\n\t\t\t\t<\/div>\n\t\t\t\t\t<\/div>\n\t\t\t\t<\/div>\n\t\t<div class=\"elementor-element elementor-element-3622747 e-con-full e-flex e-con e-child\" data-id=\"3622747\" data-element_type=\"container\" data-e-type=\"container\">\n\t\t<div class=\"elementor-element elementor-element-db8483d e-con-full e-flex e-con e-child\" data-id=\"db8483d\" data-element_type=\"container\" data-e-type=\"container\">\n\t\t<div class=\"elementor-element elementor-element-b739ae2 e-con-full e-flex e-con e-child\" data-id=\"b739ae2\" data-element_type=\"container\" data-e-type=\"container\">\n\t\t\t\t<div class=\"elementor-element elementor-element-c9d0f7c elementor-widget elementor-widget-image\" data-id=\"c9d0f7c\" data-element_type=\"widget\" data-e-type=\"widget\" data-widget_type=\"image.default\">\n\t\t\t\t<div class=\"elementor-widget-container\">\n\t\t\t\t\t\t\t\t\t\t\t\t\t\t\t<img decoding=\"async\" width=\"67\" height=\"67\" src=\"https:\/\/clear-clinicalstudy.com\/wp-content\/uploads\/2025\/02\/Group-9.svg\" class=\"attachment-full size-full wp-image-200\" alt=\"Inclusion criteria\" \/>\t\t\t\t\t\t\t\t\t\t\t\t\t\t\t<\/div>\n\t\t\t\t<\/div>\n\t\t\t\t<div class=\"elementor-element elementor-element-d96ec14 elementor-widget elementor-widget-text-editor\" data-id=\"d96ec14\" data-element_type=\"widget\" data-e-type=\"widget\" data-widget_type=\"text-editor.default\">\n\t\t\t\t<div class=\"elementor-widget-container\">\n\t\t\t\t\t\t\t\t\tTiene 18\u202fa\u00f1os o m\u00e1s\t\t\t\t\t\t\t\t<\/div>\n\t\t\t\t<\/div>\n\t\t\t\t<\/div>\n\t\t<div class=\"elementor-element elementor-element-566ddc8 e-con-full e-flex e-con e-child\" data-id=\"566ddc8\" data-element_type=\"container\" data-e-type=\"container\">\n\t\t\t\t<div class=\"elementor-element elementor-element-efe0490 elementor-widget elementor-widget-image\" data-id=\"efe0490\" data-element_type=\"widget\" data-e-type=\"widget\" data-widget_type=\"image.default\">\n\t\t\t\t<div class=\"elementor-widget-container\">\n\t\t\t\t\t\t\t\t\t\t\t\t\t\t\t<img decoding=\"async\" width=\"67\" height=\"67\" src=\"https:\/\/clear-clinicalstudy.com\/wp-content\/uploads\/2025\/02\/Group-9.svg\" class=\"attachment-full size-full wp-image-200\" alt=\"Inclusion criteria\" \/>\t\t\t\t\t\t\t\t\t\t\t\t\t\t\t<\/div>\n\t\t\t\t<\/div>\n\t\t\t\t<div class=\"elementor-element elementor-element-596e9fc elementor-widget elementor-widget-text-editor\" data-id=\"596e9fc\" data-element_type=\"widget\" data-e-type=\"widget\" data-widget_type=\"text-editor.default\">\n\t\t\t\t<div class=\"elementor-widget-container\">\n\t\t\t\t\t\t\t\t\tFue diagnosticado con CSCC en etapa temprana\t\t\t\t\t\t\t\t<\/div>\n\t\t\t\t<\/div>\n\t\t\t\t<\/div>\n\t\t<div class=\"elementor-element elementor-element-3684b15 e-con-full e-flex e-con e-child\" data-id=\"3684b15\" data-element_type=\"container\" data-e-type=\"container\">\n\t\t\t\t<div class=\"elementor-element elementor-element-9e91ca7 elementor-widget elementor-widget-image\" data-id=\"9e91ca7\" data-element_type=\"widget\" data-e-type=\"widget\" data-widget_type=\"image.default\">\n\t\t\t\t<div class=\"elementor-widget-container\">\n\t\t\t\t\t\t\t\t\t\t\t\t\t\t\t<img decoding=\"async\" width=\"67\" height=\"67\" src=\"https:\/\/clear-clinicalstudy.com\/wp-content\/uploads\/2025\/02\/Group-9.svg\" class=\"attachment-full size-full wp-image-200\" alt=\"Inclusion criteria\" \/>\t\t\t\t\t\t\t\t\t\t\t\t\t\t\t<\/div>\n\t\t\t\t<\/div>\n\t\t\t\t<div class=\"elementor-element elementor-element-e7529a9 elementor-widget elementor-widget-text-editor\" data-id=\"e7529a9\" data-element_type=\"widget\" data-e-type=\"widget\" data-widget_type=\"text-editor.default\">\n\t\t\t\t<div class=\"elementor-widget-container\">\n\t\t\t\t\t\t\t\t\tSon candidatos apropiados para la cirug\u00eda\t\t\t\t\t\t\t\t<\/div>\n\t\t\t\t<\/div>\n\t\t\t\t<\/div>\n\t\t<div class=\"elementor-element elementor-element-1b0b647 e-con-full e-flex e-con e-child\" data-id=\"1b0b647\" data-element_type=\"container\" data-e-type=\"container\">\n\t\t\t\t<div class=\"elementor-element elementor-element-277ba9f elementor-widget elementor-widget-image\" data-id=\"277ba9f\" data-element_type=\"widget\" data-e-type=\"widget\" data-widget_type=\"image.default\">\n\t\t\t\t<div class=\"elementor-widget-container\">\n\t\t\t\t\t\t\t\t\t\t\t\t\t\t\t<img decoding=\"async\" width=\"67\" height=\"67\" src=\"https:\/\/clear-clinicalstudy.com\/wp-content\/uploads\/2025\/02\/Group-9.svg\" class=\"attachment-full size-full wp-image-200\" alt=\"Inclusion criteria\" \/>\t\t\t\t\t\t\t\t\t\t\t\t\t\t\t<\/div>\n\t\t\t\t<\/div>\n\t\t\t\t<div class=\"elementor-element elementor-element-f9aa078 elementor-widget elementor-widget-text-editor\" data-id=\"f9aa078\" data-element_type=\"widget\" data-e-type=\"widget\" data-widget_type=\"text-editor.default\">\n\t\t\t\t<div class=\"elementor-widget-container\">\n\t\t\t\t\t\t\t\t\tTienen un estado funcional seg\u00fan la escala ECOG \u22641\t\t\t\t\t\t\t\t<\/div>\n\t\t\t\t<\/div>\n\t\t\t\t<\/div>\n\t\t<div class=\"elementor-element elementor-element-046b61a e-con-full e-flex e-con e-child\" data-id=\"046b61a\" data-element_type=\"container\" data-e-type=\"container\">\n\t\t\t\t<div class=\"elementor-element elementor-element-0ba7584 elementor-widget elementor-widget-image\" data-id=\"0ba7584\" data-element_type=\"widget\" data-e-type=\"widget\" data-widget_type=\"image.default\">\n\t\t\t\t<div class=\"elementor-widget-container\">\n\t\t\t\t\t\t\t\t\t\t\t\t\t\t\t<img decoding=\"async\" width=\"67\" height=\"67\" src=\"https:\/\/clear-clinicalstudy.com\/wp-content\/uploads\/2025\/02\/Group-9.svg\" class=\"attachment-full size-full wp-image-200\" alt=\"Inclusion criteria\" \/>\t\t\t\t\t\t\t\t\t\t\t\t\t\t\t<\/div>\n\t\t\t\t<\/div>\n\t\t\t\t<div class=\"elementor-element elementor-element-0337741 elementor-widget__width-initial elementor-widget elementor-widget-text-editor\" data-id=\"0337741\" data-element_type=\"widget\" data-e-type=\"widget\" data-widget_type=\"text-editor.default\">\n\t\t\t\t<div class=\"elementor-widget-container\">\n\t\t\t\t\t\t\t\t\t<p>No han recibido terapia sist\u00e9mica previa para CSCC<\/p>\t\t\t\t\t\t\t\t<\/div>\n\t\t\t\t<\/div>\n\t\t\t\t<\/div>\n\t\t\t\t<\/div>\n\t\t<div class=\"elementor-element elementor-element-3c7ee01 e-con-full e-flex e-con e-child\" data-id=\"3c7ee01\" data-element_type=\"container\" data-e-type=\"container\">\n\t\t\t\t<div class=\"elementor-element elementor-element-918af3b elementor-widget elementor-widget-text-editor\" data-id=\"918af3b\" data-element_type=\"widget\" data-e-type=\"widget\" data-widget_type=\"text-editor.default\">\n\t\t\t\t<div class=\"elementor-widget-container\">\n\t\t\t\t\t\t\t\t\t<p><strong>Tenga en cuenta lo siguiente:<\/strong> Hay otros criterios de inclusi\u00f3n\/exclusi\u00f3n definidos en el protocolo.<\/p>\t\t\t\t\t\t\t\t<\/div>\n\t\t\t\t<\/div>\n\t\t\t\t<div class=\"elementor-element elementor-element-92e04e7 elementor-widget elementor-widget-text-editor\" data-id=\"92e04e7\" data-element_type=\"widget\" data-e-type=\"widget\" data-widget_type=\"text-editor.default\">\n\t\t\t\t<div class=\"elementor-widget-container\">\n\t\t\t\t\t\t\t\t\t<p>El equipo del estudio revisar\u00e1 los antecedentes m\u00e9dicos completos de su paciente para determinar si cumple con todos los criterios de inclusi\u00f3n y con ninguno de los criterios de exclusi\u00f3n. La diversidad en estudios cl\u00ednicos es fundamental para el desarrollo de mejores tratamientos: ayude a garantizar que sus pacientes est\u00e9n representados.<\/p>\t\t\t\t\t\t\t\t<\/div>\n\t\t\t\t<\/div>\n\t\t\t\t<div class=\"elementor-element elementor-element-d299d1a elementor-widget elementor-widget-text-editor\" data-id=\"d299d1a\" data-element_type=\"widget\" data-e-type=\"widget\" data-widget_type=\"text-editor.default\">\n\t\t\t\t<div class=\"elementor-widget-container\">\n\t\t\t\t\t\t\t\t\t<p>Si tiene pacientes potencialmente elegibles e interesados, ofr\u00e9zcales opciones y converse con ellos sobre el estudio CLEAR. Tambi\u00e9n puede comunicarse con el centro del estudio m\u00e1s cercano para derivarlos.<\/p>\t\t\t\t\t\t\t\t<\/div>\n\t\t\t\t<\/div>\n\t\t\t\t<\/div>\n\t\t\t\t<\/div>\n\t\t\t\t\t<\/div>\n\t\t\t\t<\/div>\n\t\t<div class=\"elementor-element elementor-element-e28297e bcgrnd e-flex e-con-boxed e-con e-parent\" data-id=\"e28297e\" data-element_type=\"container\" data-e-type=\"container\" data-settings=\"{&quot;background_background&quot;:&quot;classic&quot;}\">\n\t\t\t\t\t<div class=\"e-con-inner\">\n\t\t<div class=\"elementor-element elementor-element-cfb6d42 e-con-full e-flex e-con e-child\" data-id=\"cfb6d42\" data-element_type=\"container\" data-e-type=\"container\">\n\t\t\t\t<div class=\"elementor-element elementor-element-5be096e elementor-widget__width-initial elementor-widget elementor-widget-heading\" data-id=\"5be096e\" data-element_type=\"widget\" data-e-type=\"widget\" data-widget_type=\"heading.default\">\n\t\t\t\t<div class=\"elementor-widget-container\">\n\t\t\t\t\t<h2 class=\"elementor-heading-title elementor-size-default\">\u00a1Encuentre un centro del estudio cerca de usted!  <\/h2>\t\t\t\t<\/div>\n\t\t\t\t<\/div>\n\t\t\t\t<\/div>\n\t\t<div class=\"elementor-element elementor-element-5d151f9 e-con-full e-flex e-con e-child\" data-id=\"5d151f9\" data-element_type=\"container\" data-e-type=\"container\">\n\t\t\t\t<div class=\"elementor-element elementor-element-d48539a button-four elementor-widget elementor-widget-button\" data-id=\"d48539a\" data-element_type=\"widget\" data-e-type=\"widget\" data-widget_type=\"button.default\">\n\t\t\t\t<div class=\"elementor-widget-container\">\n\t\t\t\t\t\t\t\t\t<div class=\"elementor-button-wrapper\">\n\t\t\t\t\t<a class=\"elementor-button elementor-button-link elementor-size-sm\" href=\"\/es-us\/am-i-eligible\/#sitefinder\">\n\t\t\t\t\t\t<span class=\"elementor-button-content-wrapper\">\n\t\t\t\t\t\t\t\t\t<span class=\"elementor-button-text\">Buscador de centros<\/span>\n\t\t\t\t\t<\/span>\n\t\t\t\t\t<\/a>\n\t\t\t\t<\/div>\n\t\t\t\t\t\t\t\t<\/div>\n\t\t\t\t<\/div>\n\t\t\t\t<\/div>\n\t\t\t\t\t<\/div>\n\t\t\t\t<\/div>\n\t\t\t\t<\/div>","protected":false},"excerpt":{"rendered":"<p>Caring for patients with early-stage CSCC? Talk to your patients about CLEAR Clinicaltrials.gov Clinicaltrialsregister.eu With limited treatment options and the growing need for non-surgical management of early-stage cutaneous squamous cell cancer (CSCC), the CLEAR clinical research study is currently underway to investigate potential non-surgical treatments. Consider the CLEAR study as an opportunity for your patients [&hellip;]<\/p>\n","protected":false},"author":2,"featured_media":0,"parent":0,"menu_order":0,"comment_status":"closed","ping_status":"closed","template":"","meta":{"footnotes":""},"class_list":["post-22","page","type-page","status-publish","hentry"],"_links":{"self":[{"href":"https:\/\/clear-clinicalstudy.com\/es-us\/wp-json\/wp\/v2\/pages\/22","targetHints":{"allow":["GET"]}}],"collection":[{"href":"https:\/\/clear-clinicalstudy.com\/es-us\/wp-json\/wp\/v2\/pages"}],"about":[{"href":"https:\/\/clear-clinicalstudy.com\/es-us\/wp-json\/wp\/v2\/types\/page"}],"author":[{"embeddable":true,"href":"https:\/\/clear-clinicalstudy.com\/es-us\/wp-json\/wp\/v2\/users\/2"}],"replies":[{"embeddable":true,"href":"https:\/\/clear-clinicalstudy.com\/es-us\/wp-json\/wp\/v2\/comments?post=22"}],"version-history":[{"count":0,"href":"https:\/\/clear-clinicalstudy.com\/es-us\/wp-json\/wp\/v2\/pages\/22\/revisions"}],"wp:attachment":[{"href":"https:\/\/clear-clinicalstudy.com\/es-us\/wp-json\/wp\/v2\/media?parent=22"}],"curies":[{"name":"wp","href":"https:\/\/api.w.org\/{rel}","templated":true}]}}