{"id":21,"date":"2024-06-06T18:04:42","date_gmt":"2024-06-06T18:04:42","guid":{"rendered":"https:\/\/stgclear.wpenginepowered.com\/?page_id=21"},"modified":"2025-07-28T12:34:19","modified_gmt":"2025-07-28T12:34:19","slug":"am-i-eligible","status":"publish","type":"page","link":"https:\/\/clear-clinicalstudy.com\/es-us\/am-i-eligible\/","title":{"rendered":"\u00bfSoy elegible?"},"content":{"rendered":"<div data-elementor-type=\"wp-page\" data-elementor-id=\"21\" class=\"elementor elementor-21\" data-elementor-post-type=\"page\">\n\t\t\t\t<div class=\"elementor-element elementor-element-39774c7b headerBackground e-flex e-con-boxed e-con e-parent\" data-id=\"39774c7b\" data-element_type=\"container\" data-e-type=\"container\" data-settings=\"{&quot;background_background&quot;:&quot;classic&quot;}\">\n\t\t\t\t\t<div class=\"e-con-inner\">\n\t\t<div class=\"elementor-element elementor-element-13f3cc5f e-con-full e-flex e-con e-child\" data-id=\"13f3cc5f\" data-element_type=\"container\" data-e-type=\"container\">\n\t\t\t\t<div class=\"elementor-element elementor-element-700d5ea2 elementor-widget elementor-widget-heading\" data-id=\"700d5ea2\" data-element_type=\"widget\" data-e-type=\"widget\" data-widget_type=\"heading.default\">\n\t\t\t\t<div class=\"elementor-widget-container\">\n\t\t\t\t\t<h1 class=\"elementor-heading-title elementor-size-default\">\u00bfSoy elegible?<\/h1>\t\t\t\t<\/div>\n\t\t\t\t<\/div>\n\t\t\t\t<div class=\"elementor-element elementor-element-413ca78d elementor-widget elementor-widget-heading\" data-id=\"413ca78d\" data-element_type=\"widget\" data-e-type=\"widget\" data-widget_type=\"heading.default\">\n\t\t\t\t<div class=\"elementor-widget-container\">\n\t\t\t\t\t<h3 class=\"elementor-heading-title elementor-size-default\">Si desea formar parte del estudio de investigaci\u00f3n cl\u00ednica CLEAR, consulte los criterios a continuaci\u00f3n para ver si es elegible.<\/h3>\t\t\t\t<\/div>\n\t\t\t\t<\/div>\n\t\t\t\t<\/div>\n\t\t<div class=\"elementor-element elementor-element-64f0a8ea e-con-full e-flex e-con e-child\" data-id=\"64f0a8ea\" data-element_type=\"container\" data-e-type=\"container\">\n\t\t\t\t<\/div>\n\t\t\t\t\t<\/div>\n\t\t\t\t<\/div>\n\t\t<div class=\"elementor-element elementor-element-47cb5ee e-flex e-con-boxed e-con e-parent\" data-id=\"47cb5ee\" data-element_type=\"container\" data-e-type=\"container\">\n\t\t\t\t\t<div class=\"e-con-inner\">\n\t\t<div class=\"elementor-element elementor-element-eba4b9a e-flex e-con-boxed e-con e-child\" data-id=\"eba4b9a\" data-element_type=\"container\" data-e-type=\"container\">\n\t\t\t\t\t<div class=\"e-con-inner\">\n\t\t\t\t<div class=\"elementor-element elementor-element-733107b elementor-widget elementor-widget-heading\" data-id=\"733107b\" data-element_type=\"widget\" data-e-type=\"widget\" data-widget_type=\"heading.default\">\n\t\t\t\t<div class=\"elementor-widget-container\">\n\t\t\t\t\t<h4 class=\"elementor-heading-title elementor-size-default\">Es posible que sea elegible si cumple con las siguientes condiciones:<\/h4>\t\t\t\t<\/div>\n\t\t\t\t<\/div>\n\t\t\t\t\t<\/div>\n\t\t\t\t<\/div>\n\t\t<div class=\"elementor-element elementor-element-c72b56b e-flex e-con-boxed e-con e-child\" data-id=\"c72b56b\" data-element_type=\"container\" data-e-type=\"container\">\n\t\t\t\t\t<div class=\"e-con-inner\">\n\t\t<div class=\"elementor-element elementor-element-e55a3ca e-flex e-con-boxed e-con e-child\" data-id=\"e55a3ca\" data-element_type=\"container\" data-e-type=\"container\" data-settings=\"{&quot;background_background&quot;:&quot;classic&quot;}\">\n\t\t\t\t\t<div class=\"e-con-inner\">\n\t\t\t\t<div class=\"elementor-element elementor-element-55e568e elementor-widget elementor-widget-image\" data-id=\"55e568e\" data-element_type=\"widget\" data-e-type=\"widget\" data-widget_type=\"image.default\">\n\t\t\t\t<div class=\"elementor-widget-container\">\n\t\t\t\t\t\t\t\t\t\t\t\t\t\t\t<img decoding=\"async\" width=\"124\" height=\"102\" src=\"https:\/\/clear-clinicalstudy.com\/wp-content\/uploads\/2025\/02\/FirstIco.svg\" class=\"attachment-full size-full wp-image-196\" alt=\"Age\" \/>\t\t\t\t\t\t\t\t\t\t\t\t\t\t\t<\/div>\n\t\t\t\t<\/div>\n\t\t<div class=\"elementor-element elementor-element-e15c84a e-flex e-con-boxed e-con e-child\" data-id=\"e15c84a\" data-element_type=\"container\" data-e-type=\"container\">\n\t\t\t\t\t<div class=\"e-con-inner\">\n\t\t\t\t<div class=\"elementor-element elementor-element-4d0337f elementor-widget elementor-widget-text-editor\" data-id=\"4d0337f\" data-element_type=\"widget\" data-e-type=\"widget\" data-widget_type=\"text-editor.default\">\n\t\t\t\t<div class=\"elementor-widget-container\">\n\t\t\t\t\t\t\t\t\t<p><strong>Tiene 18\u202fa\u00f1os o m\u00e1s<\/strong><\/p>\t\t\t\t\t\t\t\t<\/div>\n\t\t\t\t<\/div>\n\t\t\t\t\t<\/div>\n\t\t\t\t<\/div>\n\t\t\t\t\t<\/div>\n\t\t\t\t<\/div>\n\t\t<div class=\"elementor-element elementor-element-5aa691e e-flex e-con-boxed e-con e-child\" data-id=\"5aa691e\" data-element_type=\"container\" data-e-type=\"container\" data-settings=\"{&quot;background_background&quot;:&quot;classic&quot;}\">\n\t\t\t\t\t<div class=\"e-con-inner\">\n\t\t\t\t<div class=\"elementor-element elementor-element-1660fc0 elementor-widget elementor-widget-image\" data-id=\"1660fc0\" data-element_type=\"widget\" data-e-type=\"widget\" data-widget_type=\"image.default\">\n\t\t\t\t<div class=\"elementor-widget-container\">\n\t\t\t\t\t\t\t\t\t\t\t\t\t\t\t<img decoding=\"async\" width=\"77\" height=\"112\" src=\"https:\/\/clear-clinicalstudy.com\/wp-content\/uploads\/2025\/02\/SecondIco.svg\" class=\"attachment-full size-full wp-image-197\" alt=\"Diagnosis\" \/>\t\t\t\t\t\t\t\t\t\t\t\t\t\t\t<\/div>\n\t\t\t\t<\/div>\n\t\t<div class=\"elementor-element elementor-element-fc6a536 e-flex e-con-boxed e-con e-child\" data-id=\"fc6a536\" data-element_type=\"container\" data-e-type=\"container\">\n\t\t\t\t\t<div class=\"e-con-inner\">\n\t\t\t\t<div class=\"elementor-element elementor-element-7c9f4f2 elementor-widget elementor-widget-text-editor\" data-id=\"7c9f4f2\" data-element_type=\"widget\" data-e-type=\"widget\" data-widget_type=\"text-editor.default\">\n\t\t\t\t<div class=\"elementor-widget-container\">\n\t\t\t\t\t\t\t\t\t<p><strong>Fue diagnosticado con CSCC en etapa temprana<\/strong><\/p>\t\t\t\t\t\t\t\t<\/div>\n\t\t\t\t<\/div>\n\t\t\t\t\t<\/div>\n\t\t\t\t<\/div>\n\t\t\t\t\t<\/div>\n\t\t\t\t<\/div>\n\t\t<div class=\"elementor-element elementor-element-9788f22 e-flex e-con-boxed e-con e-child\" data-id=\"9788f22\" data-element_type=\"container\" data-e-type=\"container\" data-settings=\"{&quot;background_background&quot;:&quot;classic&quot;}\">\n\t\t\t\t\t<div class=\"e-con-inner\">\n\t\t\t\t<div class=\"elementor-element elementor-element-9c9706e elementor-widget elementor-widget-image\" data-id=\"9c9706e\" data-element_type=\"widget\" data-e-type=\"widget\" data-widget_type=\"image.default\">\n\t\t\t\t<div class=\"elementor-widget-container\">\n\t\t\t\t\t\t\t\t\t\t\t\t\t\t\t<img decoding=\"async\" width=\"116\" height=\"108\" src=\"https:\/\/clear-clinicalstudy.com\/wp-content\/uploads\/2025\/02\/ThirdIco.svg\" class=\"attachment-full size-full wp-image-198\" alt=\"Surgery\" \/>\t\t\t\t\t\t\t\t\t\t\t\t\t\t\t<\/div>\n\t\t\t\t<\/div>\n\t\t<div class=\"elementor-element elementor-element-d761abb e-flex e-con-boxed e-con e-child\" data-id=\"d761abb\" data-element_type=\"container\" data-e-type=\"container\">\n\t\t\t\t\t<div class=\"e-con-inner\">\n\t\t\t\t<div class=\"elementor-element elementor-element-d96e4f2 elementor-widget elementor-widget-text-editor\" data-id=\"d96e4f2\" data-element_type=\"widget\" data-e-type=\"widget\" data-widget_type=\"text-editor.default\">\n\t\t\t\t<div class=\"elementor-widget-container\">\n\t\t\t\t\t\t\t\t\t<p><strong>Es elegible para la extirpaci\u00f3n de su tumor de CSCC mediante cirug\u00eda<\/strong><\/p>\t\t\t\t\t\t\t\t<\/div>\n\t\t\t\t<\/div>\n\t\t\t\t\t<\/div>\n\t\t\t\t<\/div>\n\t\t\t\t\t<\/div>\n\t\t\t\t<\/div>\n\t\t\t\t\t<\/div>\n\t\t\t\t<\/div>\n\t\t<div class=\"elementor-element elementor-element-10455c3 e-flex e-con-boxed e-con e-child\" data-id=\"10455c3\" data-element_type=\"container\" data-e-type=\"container\">\n\t\t\t\t\t<div class=\"e-con-inner\">\n\t\t\t\t<div class=\"elementor-element elementor-element-d978062 elementor-widget elementor-widget-text-editor\" data-id=\"d978062\" data-element_type=\"widget\" data-e-type=\"widget\" data-widget_type=\"text-editor.default\">\n\t\t\t\t<div class=\"elementor-widget-container\">\n\t\t\t\t\t\t\t\t\tHay otros requisitos para participar. Se le har\u00e1 un examen m\u00e9dico completo para determinar si puede participar en este estudio. Si tiene otras preguntas, puede compartir este sitio web con su m\u00e9dico para analizar este estudio.\t\t\t\t\t\t\t\t<\/div>\n\t\t\t\t<\/div>\n\t\t\t\t\t<\/div>\n\t\t\t\t<\/div>\n\t\t\t\t\t<\/div>\n\t\t\t\t<\/div>\n\t\t<div class=\"elementor-element elementor-element-e48623d e-flex e-con-boxed e-con e-parent\" data-id=\"e48623d\" data-element_type=\"container\" data-e-type=\"container\" id=\"sitefinder\">\n\t\t\t\t\t<div class=\"e-con-inner\">\n\t\t<div class=\"elementor-element elementor-element-b285936 e-flex e-con-boxed e-con e-child\" data-id=\"b285936\" data-element_type=\"container\" data-e-type=\"container\">\n\t\t\t\t\t<div class=\"e-con-inner\">\n\t\t\t\t<div class=\"elementor-element elementor-element-d157d0c elementor-widget elementor-widget-heading\" data-id=\"d157d0c\" data-element_type=\"widget\" data-e-type=\"widget\" data-widget_type=\"heading.default\">\n\t\t\t\t<div class=\"elementor-widget-container\">\n\t\t\t\t\t<h2 class=\"elementor-heading-title elementor-size-default\">Encuentre un centro del estudio cerca de usted<\/h2>\t\t\t\t<\/div>\n\t\t\t\t<\/div>\n\t\t\t\t<div class=\"elementor-element elementor-element-20b6d90 elementor-widget elementor-widget-text-editor\" data-id=\"20b6d90\" data-element_type=\"widget\" data-e-type=\"widget\" data-widget_type=\"text-editor.default\">\n\t\t\t\t<div class=\"elementor-widget-container\">\n\t\t\t\t\t\t\t\t\t<p>Para encontrar el centro de estudio m\u00e1s cercano, ingrese su c\u00f3digo postal.<\/p>\t\t\t\t\t\t\t\t<\/div>\n\t\t\t\t<\/div>\n\t\t\t\t\t<\/div>\n\t\t\t\t<\/div>\n\t\t<div class=\"elementor-element elementor-element-683b9af e-flex e-con-boxed e-con e-child\" data-id=\"683b9af\" data-element_type=\"container\" data-e-type=\"container\">\n\t\t\t\t\t<div class=\"e-con-inner\">\n\t\t\t\t<div class=\"elementor-element elementor-element-fbac95e elementor-widget elementor-widget-shortcode\" data-id=\"fbac95e\" data-element_type=\"widget\" data-e-type=\"widget\" data-widget_type=\"shortcode.default\">\n\t\t\t\t<div class=\"elementor-widget-container\">\n\t\t\t\t\t\t\t<div class=\"elementor-shortcode\">\n\n <style>\r\n\t#wpsl-stores .wpsl-store-thumb {height:45px !important; width:45px !important;}\r\n\t#wpsl-stores, #wpsl-direction-details, #wpsl-gmap {height:650px !important;}\r\n\t#wpsl-gmap .wpsl-info-window {max-width:250px !important;}\r\n\t.wpsl-input label, #wpsl-radius label, #wpsl-category label {width:200px;}\r\n\t#wpsl-search-input  {width:200px;}\r\n<\/style>\r\n<div id=\"wpsl-wrap\">\r\n\t<div class=\"wpsl-search wpsl-clearfix wpsl-no-filters\">\r\n\t\t<div id=\"wpsl-search-wrap\">\r\n\t\t\t<form autocomplete=\"off\" action=\"\">\r\n\t\t\t<div class=\"wpsl-input\">\r\n\t\t\t\t<div><label for=\"wpsl-search-input\">C\u00f3digo postal<\/label><\/div>\r\n\t\t\t\t<input id=\"wpsl-search-input\" type=\"text\" value=\"\" name=\"wpsl-search-input\" placeholder=\"\" aria-required=\"true\" \/>\r\n\t\t\t<\/div>\r\n\t\t\t\t<div class=\"wpsl-search-btn-wrap\"><input id=\"wpsl-search-btn\" type=\"submit\" value=\"Buscar\"><\/div>\r\n\t\t<input type=\"hidden\" name=\"trp-form-language\" value=\"es-us\"\/><\/form>\r\n\t\t<\/div>\r\n\t<\/div>\r\n\t<div id=\"wpsl-gmap\" class=\"wpsl-gmap-canvas\"><\/div>\r\n\t<div id=\"wpsl-result-list\">\r\n\t\t<div id=\"wpsl-stores\" >\r\n\t\t\t<ul><\/ul>\r\n\t\t<\/div>\r\n\t\t<div id=\"wpsl-direction-details\">\r\n\t\t\t<ul><\/ul>\r\n\t\t<\/div>\r\n\t<\/div>\r\n<\/div>\r\n \n\n<\/div>\n\t\t\t\t\t\t<\/div>\n\t\t\t\t<\/div>\n\t\t\t\t\t<\/div>\n\t\t\t\t<\/div>\n\t\t\t\t\t<\/div>\n\t\t\t\t<\/div>\n\t\t\t\t<\/div>","protected":false},"excerpt":{"rendered":"<p>Am I eligible? If you wish to take part in the CLEAR clinical research study, please see the criteria below to see if you may be eligible. You may be eligible if you: Are 18 years old or older Were diagnosed with early-stage CSCC Are eligible to remove your CSCC tumor by surgery There are [&hellip;]<\/p>\n","protected":false},"author":2,"featured_media":0,"parent":0,"menu_order":0,"comment_status":"closed","ping_status":"closed","template":"","meta":{"footnotes":""},"class_list":["post-21","page","type-page","status-publish","hentry"],"_links":{"self":[{"href":"https:\/\/clear-clinicalstudy.com\/es-us\/wp-json\/wp\/v2\/pages\/21","targetHints":{"allow":["GET"]}}],"collection":[{"href":"https:\/\/clear-clinicalstudy.com\/es-us\/wp-json\/wp\/v2\/pages"}],"about":[{"href":"https:\/\/clear-clinicalstudy.com\/es-us\/wp-json\/wp\/v2\/types\/page"}],"author":[{"embeddable":true,"href":"https:\/\/clear-clinicalstudy.com\/es-us\/wp-json\/wp\/v2\/users\/2"}],"replies":[{"embeddable":true,"href":"https:\/\/clear-clinicalstudy.com\/es-us\/wp-json\/wp\/v2\/comments?post=21"}],"version-history":[{"count":0,"href":"https:\/\/clear-clinicalstudy.com\/es-us\/wp-json\/wp\/v2\/pages\/21\/revisions"}],"wp:attachment":[{"href":"https:\/\/clear-clinicalstudy.com\/es-us\/wp-json\/wp\/v2\/media?parent=21"}],"curies":[{"name":"wp","href":"https:\/\/api.w.org\/{rel}","templated":true}]}}