{"id":19,"date":"2024-06-06T18:04:05","date_gmt":"2024-06-06T18:04:05","guid":{"rendered":"https:\/\/stgclear.wpenginepowered.com\/?page_id=19"},"modified":"2025-04-23T14:42:04","modified_gmt":"2025-04-23T14:42:04","slug":"home","status":"publish","type":"page","link":"https:\/\/clear-clinicalstudy.com\/es-us\/home\/","title":{"rendered":"Inicio"},"content":{"rendered":"<div data-elementor-type=\"wp-page\" data-elementor-id=\"19\" class=\"elementor elementor-19\" data-elementor-post-type=\"page\">\n\t\t\t\t<div class=\"elementor-element elementor-element-1ff6fb5 headerBackground e-flex e-con-boxed e-con e-parent\" data-id=\"1ff6fb5\" data-element_type=\"container\" data-e-type=\"container\" data-settings=\"{&quot;background_background&quot;:&quot;classic&quot;}\">\n\t\t\t\t\t<div class=\"e-con-inner\">\n\t\t<div class=\"elementor-element elementor-element-2c3a458 e-con-full e-flex e-con e-child\" data-id=\"2c3a458\" data-element_type=\"container\" data-e-type=\"container\">\n\t\t\t\t<div class=\"elementor-element elementor-element-176ab3a elementor-widget elementor-widget-heading\" data-id=\"176ab3a\" data-element_type=\"widget\" data-e-type=\"widget\" data-widget_type=\"heading.default\">\n\t\t\t\t<div class=\"elementor-widget-container\">\n\t\t\t\t\t<h1 class=\"elementor-heading-title elementor-size-default\">Estudio de investigaci\u00f3n cl\u00ednica para el c\u00e1ncer cut\u00e1neo de c\u00e9lulas escamosas (CSCC) en etapa temprana<\/h1>\t\t\t\t<\/div>\n\t\t\t\t<\/div>\n\t\t\t\t<div class=\"elementor-element elementor-element-eaa574b elementor-widget elementor-widget-heading\" data-id=\"eaa574b\" data-element_type=\"widget\" data-e-type=\"widget\" data-widget_type=\"heading.default\">\n\t\t\t\t<div class=\"elementor-widget-container\">\n\t\t\t\t\t<h3 class=\"elementor-heading-title elementor-size-default\">Una posible opci\u00f3n de tratamiento no quir\u00fargico para adultos con CSCC en etapa temprana.<\/h3>\t\t\t\t<\/div>\n\t\t\t\t<\/div>\n\t\t\t\t<\/div>\n\t\t<div class=\"elementor-element elementor-element-80742d6 e-con-full e-flex e-con e-child\" data-id=\"80742d6\" data-element_type=\"container\" data-e-type=\"container\">\n\t\t\t\t<\/div>\n\t\t\t\t\t<\/div>\n\t\t\t\t<\/div>\n\t\t<div class=\"elementor-element elementor-element-bc0d89e e-flex e-con-boxed e-con e-parent\" data-id=\"bc0d89e\" data-element_type=\"container\" data-e-type=\"container\">\n\t\t\t\t\t<div class=\"e-con-inner\">\n\t\t<div class=\"elementor-element elementor-element-4362cd7 e-con-full e-flex e-con e-child\" data-id=\"4362cd7\" data-element_type=\"container\" data-e-type=\"container\">\n\t\t\t\t<div class=\"elementor-element elementor-element-15d202a elementor-widget elementor-widget-image\" data-id=\"15d202a\" data-element_type=\"widget\" data-e-type=\"widget\" data-widget_type=\"image.default\">\n\t\t\t\t<div class=\"elementor-widget-container\">\n\t\t\t\t\t\t\t\t\t\t\t\t\t\t\t<img decoding=\"async\" width=\"240\" height=\"195\" src=\"https:\/\/clear-clinicalstudy.com\/wp-content\/uploads\/2025\/02\/Element_A-1.png\" class=\"attachment-full size-full wp-image-187\" alt=\"Torn paper with tape\" srcset=\"https:\/\/clear-clinicalstudy.com\/wp-content\/uploads\/2025\/02\/Element_A-1.png 240w, https:\/\/clear-clinicalstudy.com\/wp-content\/uploads\/2025\/02\/Element_A-1-15x12.png 15w\" sizes=\"(max-width: 240px) 100vw, 240px\" \/>\t\t\t\t\t\t\t\t\t\t\t\t\t\t\t<\/div>\n\t\t\t\t<\/div>\n\t\t\t\t<\/div>\n\t\t<div class=\"elementor-element elementor-element-36b9199 e-con-full e-flex e-con e-child\" data-id=\"36b9199\" data-element_type=\"container\" data-e-type=\"container\">\n\t\t\t\t<div class=\"elementor-element elementor-element-92ee559 elementor-widget elementor-widget-heading\" data-id=\"92ee559\" data-element_type=\"widget\" data-e-type=\"widget\" data-widget_type=\"heading.default\">\n\t\t\t\t<div class=\"elementor-widget-container\">\n\t\t\t\t\t<h2 class=\"elementor-heading-title elementor-size-default\">\u00bfHa sido diagnosticado recientemente con c\u00e1ncer cut\u00e1neo de c\u00e9lulas escamosas (CSCC) en etapa temprana?<\/h2>\t\t\t\t<\/div>\n\t\t\t\t<\/div>\n\t\t\t\t<div class=\"elementor-element elementor-element-4a474a3 elementor-widget elementor-widget-text-editor\" data-id=\"4a474a3\" data-element_type=\"widget\" data-e-type=\"widget\" data-widget_type=\"text-editor.default\">\n\t\t\t\t<div class=\"elementor-widget-container\">\n\t\t\t\t\t\t\t\t\tEn este sitio web se proporciona informaci\u00f3n sobre un estudio cl\u00ednico CLEAR, para adultos con CSCC en etapa temprana. El CSCC es uno de los tipos m\u00e1s comunes de c\u00e1ncer de piel, que generalmente se trata con cirug\u00eda cuando se diagnostica en una etapa temprana. Aunque la cirug\u00eda es el tratamiento est\u00e1ndar para el CSCC en etapa temprana, existe una creciente necesidad de alternativas no quir\u00fargicas.\t\t\t\t\t\t\t\t<\/div>\n\t\t\t\t<\/div>\n\t\t\t\t<\/div>\n\t\t\t\t\t<\/div>\n\t\t\t\t<\/div>\n\t\t<div class=\"elementor-element elementor-element-11f8986 e-flex e-con-boxed e-con e-parent\" data-id=\"11f8986\" data-element_type=\"container\" data-e-type=\"container\">\n\t\t\t\t\t<div class=\"e-con-inner\">\n\t\t<div class=\"elementor-element elementor-element-179984b e-con-full e-flex e-con e-child\" data-id=\"179984b\" data-element_type=\"container\" data-e-type=\"container\">\n\t\t\t\t<div class=\"elementor-element elementor-element-2450f1b elementor-widget elementor-widget-text-editor\" data-id=\"2450f1b\" data-element_type=\"widget\" data-e-type=\"widget\" data-widget_type=\"text-editor.default\">\n\t\t\t\t<div class=\"elementor-widget-container\">\n\t\t\t\t\t\t\t\t\tLos estudios cl\u00ednicos son esenciales para investigar posibles tratamientos y no es posible realizarlos sin las personas que participan en ellos. Todos los que participan en este estudio cl\u00ednico tienen una funci\u00f3n importante para mejorar la comprensi\u00f3n del CSCC en etapa temprana, lo que puede ayudar a otras personas con esta afecci\u00f3n en el futuro.\t\t\t\t\t\t\t\t<\/div>\n\t\t\t\t<\/div>\n\t\t\t\t<\/div>\n\t\t<div class=\"elementor-element elementor-element-7c3319c e-con-full e-flex e-con e-child\" data-id=\"7c3319c\" data-element_type=\"container\" data-e-type=\"container\">\n\t\t\t\t<div class=\"elementor-element elementor-element-352c70b elementor-widget elementor-widget-image\" data-id=\"352c70b\" data-element_type=\"widget\" data-e-type=\"widget\" data-widget_type=\"image.default\">\n\t\t\t\t<div class=\"elementor-widget-container\">\n\t\t\t\t\t\t\t\t\t\t\t\t\t\t\t<img decoding=\"async\" width=\"239\" height=\"194\" src=\"https:\/\/clear-clinicalstudy.com\/wp-content\/uploads\/2025\/02\/Element_B-1.png\" class=\"attachment-full size-full wp-image-188\" alt=\"Torn note\" srcset=\"https:\/\/clear-clinicalstudy.com\/wp-content\/uploads\/2025\/02\/Element_B-1.png 239w, https:\/\/clear-clinicalstudy.com\/wp-content\/uploads\/2025\/02\/Element_B-1-15x12.png 15w\" sizes=\"(max-width: 239px) 100vw, 239px\" \/>\t\t\t\t\t\t\t\t\t\t\t\t\t\t\t<\/div>\n\t\t\t\t<\/div>\n\t\t\t\t<\/div>\n\t\t\t\t\t<\/div>\n\t\t\t\t<\/div>\n\t\t<div class=\"elementor-element elementor-element-a30c143 e-flex e-con-boxed e-con e-parent\" data-id=\"a30c143\" data-element_type=\"container\" data-e-type=\"container\">\n\t\t\t\t\t<div class=\"e-con-inner\">\n\t\t<div class=\"elementor-element elementor-element-9f9ebbb e-con-full e-flex e-con e-child\" data-id=\"9f9ebbb\" data-element_type=\"container\" data-e-type=\"container\">\n\t\t\t\t<div class=\"elementor-element elementor-element-111abca elementor-widget elementor-widget-image\" data-id=\"111abca\" data-element_type=\"widget\" data-e-type=\"widget\" data-widget_type=\"image.default\">\n\t\t\t\t<div class=\"elementor-widget-container\">\n\t\t\t\t\t\t\t\t\t\t\t\t\t\t\t<img fetchpriority=\"high\" decoding=\"async\" width=\"445\" height=\"405\" src=\"https:\/\/clear-clinicalstudy.com\/wp-content\/uploads\/2025\/02\/Home.png\" class=\"attachment-full size-full wp-image-189\" alt=\"A man reading a book and drinking coffee\" srcset=\"https:\/\/clear-clinicalstudy.com\/wp-content\/uploads\/2025\/02\/Home.png 445w, https:\/\/clear-clinicalstudy.com\/wp-content\/uploads\/2025\/02\/Home-300x273.png 300w, https:\/\/clear-clinicalstudy.com\/wp-content\/uploads\/2025\/02\/Home-13x12.png 13w\" sizes=\"(max-width: 445px) 100vw, 445px\" \/>\t\t\t\t\t\t\t\t\t\t\t\t\t\t\t<\/div>\n\t\t\t\t<\/div>\n\t\t\t\t<\/div>\n\t\t<div class=\"elementor-element elementor-element-d91715c e-con-full e-flex e-con e-child\" data-id=\"d91715c\" data-element_type=\"container\" data-e-type=\"container\">\n\t\t\t\t<div class=\"elementor-element elementor-element-b5730da elementor-widget elementor-widget-text-editor\" data-id=\"b5730da\" data-element_type=\"widget\" data-e-type=\"widget\" data-widget_type=\"text-editor.default\">\n\t\t\t\t<div class=\"elementor-widget-container\">\n\t\t\t\t\t\t\t\t\tUn diagn\u00f3stico de CSCC puede ser abrumador, y tal vez piense que ya tiene demasiado para hacer como para someterse a un estudio cl\u00ednico. Sin embargo, usted puede desempe\u00f1ar un papel clave para ayudar a desarrollar las terapias que se est\u00e1n estudiando para mejorar nuestro conocimiento m\u00e9dico del CSCC en etapa temprana. Todos los tratamientos disponibles hoy en d\u00eda existen gracias a los participantes de los estudios que participaron activamente de la investigaci\u00f3n.\t\t\t\t\t\t\t\t<\/div>\n\t\t\t\t<\/div>\n\t\t\t\t<div class=\"elementor-element elementor-element-172f226 elementor-widget elementor-widget-text-editor\" data-id=\"172f226\" data-element_type=\"widget\" data-e-type=\"widget\" data-widget_type=\"text-editor.default\">\n\t\t\t\t<div class=\"elementor-widget-container\">\n\t\t\t\t\t\t\t\t\tObtenga m\u00e1s informaci\u00f3n sobre el estudio CLEAR y vea si es una opci\u00f3n para usted o alg\u00fan conocido.\t\t\t\t\t\t\t\t<\/div>\n\t\t\t\t<\/div>\n\t\t<div class=\"elementor-element elementor-element-54e0a28 e-flex e-con-boxed e-con e-child\" data-id=\"54e0a28\" data-element_type=\"container\" data-e-type=\"container\">\n\t\t\t\t\t<div class=\"e-con-inner\">\n\t\t\t\t<div class=\"elementor-element elementor-element-af57b85 elementor-align-center home-one elementor-mobile-align-left elementor-widget elementor-widget-button\" data-id=\"af57b85\" data-element_type=\"widget\" data-e-type=\"widget\" data-widget_type=\"button.default\">\n\t\t\t\t<div class=\"elementor-widget-container\">\n\t\t\t\t\t\t\t\t\t<div class=\"elementor-button-wrapper\">\n\t\t\t\t\t<a class=\"elementor-button elementor-button-link elementor-size-sm\" href=\"\/es-us\/about-clear\/\">\n\t\t\t\t\t\t<span class=\"elementor-button-content-wrapper\">\n\t\t\t\t\t\t\t\t\t<span class=\"elementor-button-text\">Obtenga m\u00e1s informaci\u00f3n<\/span>\n\t\t\t\t\t<\/span>\n\t\t\t\t\t<\/a>\n\t\t\t\t<\/div>\n\t\t\t\t\t\t\t\t<\/div>\n\t\t\t\t<\/div>\n\t\t\t\t<div class=\"elementor-element elementor-element-5819f0e elementor-align-center home-two elementor-mobile-align-left elementor-widget elementor-widget-button\" data-id=\"5819f0e\" data-element_type=\"widget\" data-e-type=\"widget\" data-widget_type=\"button.default\">\n\t\t\t\t<div class=\"elementor-widget-container\">\n\t\t\t\t\t\t\t\t\t<div class=\"elementor-button-wrapper\">\n\t\t\t\t\t<a class=\"elementor-button elementor-button-link elementor-size-sm\" href=\"\/es-us\/am-i-eligible\/#questionnaire\">\n\t\t\t\t\t\t<span class=\"elementor-button-content-wrapper\">\n\t\t\t\t\t\t\t\t\t<span class=\"elementor-button-text\">Cuestionario<\/span>\n\t\t\t\t\t<\/span>\n\t\t\t\t\t<\/a>\n\t\t\t\t<\/div>\n\t\t\t\t\t\t\t\t<\/div>\n\t\t\t\t<\/div>\n\t\t\t\t\t<\/div>\n\t\t\t\t<\/div>\n\t\t\t\t<\/div>\n\t\t\t\t\t<\/div>\n\t\t\t\t<\/div>\n\t\t<div class=\"elementor-element elementor-element-465e55b e-flex e-con-boxed e-con e-parent\" data-id=\"465e55b\" data-element_type=\"container\" data-e-type=\"container\">\n\t\t\t\t\t<div class=\"e-con-inner\">\n\t\t<div class=\"elementor-element elementor-element-42ddc0f e-con-full home-last-section e-flex e-con e-child\" data-id=\"42ddc0f\" data-element_type=\"container\" data-e-type=\"container\">\n\t\t\t\t<div class=\"elementor-element elementor-element-edb1b83 elementor-widget elementor-widget-text-editor\" data-id=\"edb1b83\" data-element_type=\"widget\" data-e-type=\"widget\" data-widget_type=\"text-editor.default\">\n\t\t\t\t<div class=\"elementor-widget-container\">\n\t\t\t\t\t\t\t\t\tEn este estudio cl\u00ednico se utilizar\u00e1 un medicamento en investigaci\u00f3n cuya seguridad y eficacia no han sido evaluadas completamente por las autoridades reguladoras.\t\t\t\t\t\t\t\t<\/div>\n\t\t\t\t<\/div>\n\t\t\t\t<\/div>\n\t\t\t\t\t<\/div>\n\t\t\t\t<\/div>\n\t\t\t\t<\/div>","protected":false},"excerpt":{"rendered":"<p>Clinical research study for early-stage cutaneous squamous cell cancer (CSCC) A potential non-surgical treatment option for adults with early-stage CSCC. Have you been recently diagnosed with early-stage cutaneous squamous cell cancer (CSCC)? This website provides information about a clinical study, CLEAR, for adults with early-stage CSCC. CSCC is one of the most common types of [&hellip;]<\/p>\n","protected":false},"author":2,"featured_media":0,"parent":0,"menu_order":0,"comment_status":"closed","ping_status":"closed","template":"","meta":{"footnotes":""},"class_list":["post-19","page","type-page","status-publish","hentry"],"_links":{"self":[{"href":"https:\/\/clear-clinicalstudy.com\/es-us\/wp-json\/wp\/v2\/pages\/19","targetHints":{"allow":["GET"]}}],"collection":[{"href":"https:\/\/clear-clinicalstudy.com\/es-us\/wp-json\/wp\/v2\/pages"}],"about":[{"href":"https:\/\/clear-clinicalstudy.com\/es-us\/wp-json\/wp\/v2\/types\/page"}],"author":[{"embeddable":true,"href":"https:\/\/clear-clinicalstudy.com\/es-us\/wp-json\/wp\/v2\/users\/2"}],"replies":[{"embeddable":true,"href":"https:\/\/clear-clinicalstudy.com\/es-us\/wp-json\/wp\/v2\/comments?post=19"}],"version-history":[{"count":0,"href":"https:\/\/clear-clinicalstudy.com\/es-us\/wp-json\/wp\/v2\/pages\/19\/revisions"}],"wp:attachment":[{"href":"https:\/\/clear-clinicalstudy.com\/es-us\/wp-json\/wp\/v2\/media?parent=19"}],"curies":[{"name":"wp","href":"https:\/\/api.w.org\/{rel}","templated":true}]}}